{"id":431,"date":"2023-12-06T09:54:53","date_gmt":"2023-12-06T09:54:53","guid":{"rendered":"https:\/\/ecosystempartners.ch\/?page_id=431"},"modified":"2024-01-09T10:32:02","modified_gmt":"2024-01-09T10:32:02","slug":"datenschutz","status":"publish","type":"page","link":"https:\/\/ecosystempartners.ch\/en\/datenschutz\/","title":{"rendered":"Datenschutz"},"content":{"rendered":"<div data-elementor-type=\"wp-page\" data-elementor-id=\"431\" class=\"elementor elementor-431\" data-elementor-post-type=\"page\">\n\t\t\t\t<div class=\"elementor-element elementor-element-84e9a51 e-con-full e-flex e-con e-parent\" data-id=\"84e9a51\" data-element_type=\"container\" data-e-type=\"container\">\n\t\t\t\t<div class=\"elementor-element elementor-element-e3a5017 elementor-widget elementor-widget-heading\" data-id=\"e3a5017\" data-element_type=\"widget\" data-e-type=\"widget\" data-widget_type=\"heading.default\">\n\t\t\t\t<div class=\"elementor-widget-container\">\n\t\t\t\t\t<h1 class=\"elementor-heading-title elementor-size-default\">Impressum &amp; Datenschutz<\/h1>\t\t\t\t<\/div>\n\t\t\t\t<\/div>\n\t\t\t\t<\/div>\n\t\t<div class=\"elementor-element elementor-element-085d5bb e-con-full e-flex e-con e-parent\" data-id=\"085d5bb\" data-element_type=\"container\" data-e-type=\"container\">\n\t\t\t\t<div class=\"elementor-element elementor-element-d64ddde elementor-widget elementor-widget-text-editor\" data-id=\"d64ddde\" data-element_type=\"widget\" data-e-type=\"widget\" data-widget_type=\"text-editor.default\">\n\t\t\t\t<div class=\"elementor-widget-container\">\n\t\t\t\t\t\t\t\t\t<p>\u00a0<\/p><p><strong>IMPRESSUM<br \/><\/strong>EcosystemPartners AG<br \/>Hoehestrasse 8<br \/>CH-8702 Zollikon<\/p><p>Eingetragen im Handelsregisteramt Z\u00fcrich <br \/>UID: CHE-218.917.525<\/p><p>Verwaltungsratspr\u00e4sident: Dr. Daniel Fasnacht<\/p>\t\t\t\t\t\t\t\t<\/div>\n\t\t\t\t<\/div>\n\t\t\t\t<\/div>\n\t\t<div class=\"elementor-element elementor-element-65614a5 e-con-full e-flex e-con e-parent\" data-id=\"65614a5\" data-element_type=\"container\" data-e-type=\"container\">\n\t\t\t\t<div class=\"elementor-element elementor-element-6b7ef08 elementor-widget elementor-widget-text-editor\" data-id=\"6b7ef08\" data-element_type=\"widget\" data-e-type=\"widget\" data-widget_type=\"text-editor.default\">\n\t\t\t\t<div class=\"elementor-widget-container\">\n\t\t\t\t\t\t\t\t\t<p><strong>HAFTUNGSAUSSCHLUSS<\/strong><br \/>Die Texte auf der EcosytemPartners AG Webseite wurden gewissenhaft \u00fcberpr\u00fcft. Die Unternehmung \u00fcbernimmt keine Garantie, dass die auf dieser Webseite bereitgestellten Informationen richtig, vollst\u00e4ndig oder aktuell sind. F\u00fcr die Links sind die Anbieter der jeweiligen Webseiten verantwortlich. Alle Informationen und Angebote sind unverbindlich und k\u00f6nnen jederzeit und ohne Ank\u00fcndigung ver\u00e4ndert, erg\u00e4nzt oder eingestellt werden. Alle Urheber und anderen Rechte am Logo der EcosystemPartners AG und Inhalten, Bildern, Fotos oder anderen Informationen und Dateien auf der Webseite hat die EcosystemPartners AG.<\/p>\t\t\t\t\t\t\t\t<\/div>\n\t\t\t\t<\/div>\n\t\t\t\t<\/div>\n\t\t<div class=\"elementor-element elementor-element-a468173 e-con-full e-flex e-con e-parent\" data-id=\"a468173\" data-element_type=\"container\" data-e-type=\"container\">\n\t\t\t\t<div class=\"elementor-element elementor-element-373d3cb elementor-widget elementor-widget-text-editor\" data-id=\"373d3cb\" data-element_type=\"widget\" data-e-type=\"widget\" data-widget_type=\"text-editor.default\">\n\t\t\t\t<div class=\"elementor-widget-container\">\n\t\t\t\t\t\t\t\t\t<p>\u00a0<\/p><p><strong>DATENSCHUTZ<\/strong><br \/>Gest\u00fctzt auf Artikel 13 der Schweizerischen Bundesverfassung und die datenschutzrechtlichen Bestimmungen des Bundes (Datenschutzgesetz, DSG), hat jede Person Anspruch auf Schutz ihrer Privatsph\u00e4re und Schutz vor Missbrauch ihrer pers\u00f6nlichen Daten. Die EcosystemPartners AG folgt den Bestimmungen des revidierten Datenschutzgesetzes vom 1. September 2023 (revDSG). Entsprechend sammelt die EcosystemPartners AG nicht systematisch pers\u00f6nliche Daten. Daten, welche beispielsweise \u00fcber das Kontaktformular gesammelt wurden, werden streng vertraulich behandelt und nicht an Dritte weitergegeben oder verkauft. Der Schutz der Personendaten unterliegt dem Hosting-Betreiber dieser Webseite.<\/p>\t\t\t\t\t\t\t\t<\/div>\n\t\t\t\t<\/div>\n\t\t\t\t<\/div>\n\t\t\t\t<\/div>","protected":false},"excerpt":{"rendered":"<p>Impressum &amp; Datenschutz \u00a0 IMPRESSUMEcosystemPartners AGH\u00f6hestrasse 8CH-8702 Zollikon Eingetragen im Handelsregisteramt Z\u00fcrich UID: CHE-218.917.525 Verwaltungsratspr\u00e4sident: Dr. Daniel Fasnacht HAFTUNGSAUSSCHLUSSDie Texte auf der EcosytemPartners AG Webseite wurden gewissenhaft \u00fcberpr\u00fcft. Die Unternehmung \u00fcbernimmt keine Garantie, dass die auf dieser Webseite bereitgestellten Informationen richtig, vollst\u00e4ndig oder aktuell sind. F\u00fcr die Links sind die Anbieter der jeweiligen Webseiten verantwortlich. [&hellip;]<\/p>\n","protected":false},"author":1,"featured_media":0,"parent":0,"menu_order":0,"comment_status":"closed","ping_status":"closed","template":"elementor_header_footer","meta":{"footnotes":""},"class_list":["post-431","page","type-page","status-publish","hentry"],"_links":{"self":[{"href":"https:\/\/ecosystempartners.ch\/en\/wp-json\/wp\/v2\/pages\/431","targetHints":{"allow":["GET"]}}],"collection":[{"href":"https:\/\/ecosystempartners.ch\/en\/wp-json\/wp\/v2\/pages"}],"about":[{"href":"https:\/\/ecosystempartners.ch\/en\/wp-json\/wp\/v2\/types\/page"}],"author":[{"embeddable":true,"href":"https:\/\/ecosystempartners.ch\/en\/wp-json\/wp\/v2\/users\/1"}],"replies":[{"embeddable":true,"href":"https:\/\/ecosystempartners.ch\/en\/wp-json\/wp\/v2\/comments?post=431"}],"version-history":[{"count":25,"href":"https:\/\/ecosystempartners.ch\/en\/wp-json\/wp\/v2\/pages\/431\/revisions"}],"predecessor-version":[{"id":997,"href":"https:\/\/ecosystempartners.ch\/en\/wp-json\/wp\/v2\/pages\/431\/revisions\/997"}],"wp:attachment":[{"href":"https:\/\/ecosystempartners.ch\/en\/wp-json\/wp\/v2\/media?parent=431"}],"curies":[{"name":"wp","href":"https:\/\/api.w.org\/{rel}","templated":true}]}}